{"id":14,"date":"2025-08-16T06:58:54","date_gmt":"2025-08-16T06:58:54","guid":{"rendered":"https:\/\/chateaulebourg.fr\/index.php\/silverstorm\/"},"modified":"2026-03-30T13:15:53","modified_gmt":"2026-03-30T13:15:53","slug":"silverstorm","status":"publish","type":"page","link":"https:\/\/chateaulebourg.fr\/","title":{"rendered":"Front Page"},"content":{"rendered":"<div data-colibri-id=\"14-c1\" class=\"style-177 style-local-14-c1 position-relative\">\n  <!---->\n  <div data-colibri-component=\"section\" data-colibri-id=\"14-c2\" id=\"about\" class=\"h-section h-section-global-spacing d-flex align-items-lg-center align-items-md-center align-items-center style-183 style-local-14-c2 position-relative\">\n    <!---->\n    <!---->\n    <div class=\"h-section-grid-container h-section-boxed-container\">\n      <!---->\n      <div data-colibri-id=\"14-c3\" class=\"h-row-container gutters-row-lg-1 gutters-row-md-1 gutters-row-0 gutters-row-v-lg-1 gutters-row-v-md-1 gutters-row-v-1 style-184 style-local-14-c3 position-relative\">\n        <!---->\n        <div class=\"h-row justify-content-lg-center justify-content-md-center justify-content-center align-items-lg-stretch align-items-md-stretch align-items-stretch gutters-col-lg-1 gutters-col-md-1 gutters-col-0 gutters-col-v-lg-1 gutters-col-v-md-1 gutters-col-v-1\">\n          <!---->\n          <div class=\"h-column h-column-container d-flex h-col-lg-auto h-col-md-auto h-col-auto style-185-outer style-local-14-c4-outer\">\n            <div data-colibri-id=\"14-c4\" class=\"d-flex h-flex-basis h-column__inner h-px-lg-0 h-px-md-0 h-px-0 v-inner-lg-0 v-inner-md-0 v-inner-0 style-185 style-local-14-c4 position-relative\">\n              <!---->\n              <!---->\n              <div class=\"w-100 h-y-container h-column__content h-column__v-align flex-basis-100 align-self-lg-center align-self-md-center align-self-center\">\n                <!---->\n                <div data-colibri-id=\"14-c5\" class=\"h-global-transition-all h-heading style-186 style-local-14-c5 position-relative h-element\">\n                  <!---->\n                  <div class=\"h-heading__outer style-186 style-local-14-c5\">\n                    <!---->\n                    <!---->\n                    <h5 class=\"\">R\u00e9affectation du ch\u00e2teau<\/h5>\n                  <\/div>\n                <\/div>\n                <div data-colibri-id=\"14-c6\" class=\"h-global-transition-all h-heading style-187 style-local-14-c6 position-relative h-element\">\n                  <!---->\n                  <div class=\"h-heading__outer style-187 style-local-14-c6\">\n                    <!---->\n                    <!---->\n                    <h2 class=\"\">Cr\u00e9ation domaine touristique et \u00e9v\u00e9nementiel&nbsp;ouvert les quatre saisons<\/h2>\n                  <\/div>\n                <\/div>\n                <div data-colibri-id=\"14-c7\" class=\"h-text h-text-component style-188 style-local-14-c7 position-relative h-element\">\n                  <!---->\n                  <!---->\n                  <div class=\"\">\n                    <p>Pour ceux qui recherchent&nbsp;une exp\u00e9rience authentique et&nbsp;enrichissante :&nbsp;les bons vivants, les gourmands, les sportifs, les&nbsp;amateurs&nbsp;de culture, les \u00e9colos,&nbsp;et tous ceux qui recherchent des exp\u00e9riences\n                      et des s\u00e9jours uniques dans la nature, au&nbsp;c\u0153ur&nbsp;d&#8217;un lieu charg\u00e9 d&#8217;histoire, o\u00f9 ils peuvent se ressourcer et partager des moments pr\u00e9cieux ensemble.&nbsp;<\/p>\n                    <p>Impr\u00e9gnez-vous&nbsp;de l&#8217;histoire&nbsp;en s\u00e9journant dans un ch\u00e2teau enti\u00e8rement&nbsp;r\u00e9nov\u00e9&nbsp;offrant un service digne d&#8217;un h\u00f4tel.&nbsp;D\u00e9tendez-vous dans l&#8217;espace bien-\u00eatre\ufffc&nbsp;savourez un bon verre ou une cuisine raffin\u00e9e&nbsp;et&nbsp;profitez\n                      de l&#8217;exp\u00e9rience unique de cuisiner en plein air. Le&nbsp;domaine&nbsp;permet&nbsp;d&#8217;organiser&nbsp;des f\u00eates et des&nbsp;\u00e9v\u00e9nements&nbsp;dans un cadre&nbsp;m\u00e9morable.&nbsp;&nbsp;<\/p>\n                  <\/div>\n                <\/div>\n              <\/div>\n            <\/div>\n          <\/div>\n          <div class=\"h-column h-column-container d-flex h-col-lg-auto h-col-md-auto h-col-auto style-189-outer style-local-14-c8-outer\">\n            <div data-colibri-id=\"14-c8\" class=\"d-flex h-flex-basis h-column__inner h-ui-empty-state-container h-px-lg-2 h-px-md-2 h-px-2 v-inner-lg-2 v-inner-md-2 v-inner-2 style-189 style-local-14-c8 position-relative\">\n              <!---->\n              <!---->\n              <div class=\"w-100 h-y-container h-column__content h-column__v-align flex-basis-100\">\n                <!---->\n              <\/div>\n            <\/div>\n          <\/div>\n        <\/div>\n      <\/div>\n    <\/div>\n  <\/div>\n  <div data-colibri-component=\"section\" data-colibri-id=\"14-c9\" id=\"content-2\" class=\"h-section h-section-global-spacing d-flex align-items-lg-center align-items-md-center align-items-center style-213 style-local-14-c9 h-overflow-hidden position-relative\">\n    <!---->\n    <!---->\n    <div class=\"h-section-grid-container h-section-fluid-container\">\n      <!---->\n      <div data-colibri-id=\"14-c10\" class=\"h-row-container gutters-row-lg-0 gutters-row-md-0 gutters-row-2 gutters-row-v-lg-0 gutters-row-v-md-0 gutters-row-v-2 style-214 style-local-14-c10 position-relative\">\n        <!---->\n        <div class=\"h-row justify-content-lg-center justify-content-md-center justify-content-center align-items-lg-stretch align-items-md-stretch align-items-stretch gutters-col-lg-0 gutters-col-md-0 gutters-col-2 gutters-col-v-lg-0 gutters-col-v-md-0 gutters-col-v-2\">\n          <!---->\n          <div class=\"h-column h-column-container d-flex h-col-lg-auto h-col-md-auto h-col-auto style-215-outer style-local-14-c11-outer\">\n            <div data-colibri-id=\"14-c11\" class=\"d-flex h-flex-basis h-column__inner h-ui-empty-state-container h-px-lg-0 h-px-md-0 h-px-0 v-inner-lg-0 v-inner-md-0 v-inner-0 style-215 style-local-14-c11 position-relative\">\n              <!---->\n              <!---->\n              <div class=\"w-100 h-y-container h-column__content h-column__v-align flex-basis-100\">\n                <!---->\n              <\/div>\n            <\/div>\n          <\/div>\n          <div class=\"h-column h-column-container d-flex h-col-lg-auto h-col-md-auto h-col-auto style-216-outer style-local-14-c12-outer\">\n            <div data-colibri-id=\"14-c12\" class=\"d-flex h-flex-basis h-column__inner h-px-lg-0 h-px-md-0 h-px-0 v-inner-lg-0 v-inner-md-0 v-inner-0 style-216 style-local-14-c12 position-relative\">\n              <!---->\n              <!---->\n              <div class=\"w-100 h-y-container h-column__content h-column__v-align flex-basis-100 align-self-lg-start align-self-md-start align-self-start\">\n                <!---->\n                <div data-colibri-id=\"14-c13\" class=\"h-global-transition-all h-heading style-217 style-local-14-c13 position-relative h-element\">\n                  <!---->\n                  <div class=\"h-heading__outer style-217 style-local-14-c13\">\n                    <!---->\n                    <!---->\n                    <h5 class=\"\">Le charme d&#8217;une longue histoire, d&#8217;un lieu plusieurs fois centenaire, nich\u00e9 dans un d\u00e9cor naturel exceptionnel le long de la rivi\u00e8re Sichon, nich\u00e9 dans la montagne bourbonnaise. <\/h5>\n                  <\/div>\n                <\/div>\n                <div data-colibri-id=\"14-c14\" class=\"h-divider style-205 style-local-14-c14 position-relative h-element\">\n                  <!----><span class=\"h-divider__line style-205-line style-local-14-c14-line style-205-line style-local-14-c14-line\"><\/span><\/div>\n                <div data-colibri-id=\"14-c15\" class=\"h-global-transition-all h-heading style-218 style-local-14-c15 position-relative h-element\">\n                  <!---->\n                  <div class=\"h-heading__outer style-218 style-local-14-c15\">\n                    <!---->\n                    <!---->\n                    <h3 class=\"\">Une longue histoire<\/h3>\n                  <\/div>\n                <\/div>\n                <div data-colibri-id=\"14-c16\" class=\"h-text h-text-component style-219 style-local-14-c16 position-relative h-element\">\n                  <!---->\n                  <!---->\n                  <div class=\"\">\n                    <p>Le ch\u00e2teau de Ferri\u00e8res, ou ch\u00e2teau le Bourg, est situ\u00e9 dans la commune de Ferri\u00e8res-sur-Sichon&nbsp;\u00e0&nbsp;25 km au sud-est de Vichy.&nbsp;Au Moyen Age, Ferri\u00e8res-sur-Sichon occupait&nbsp;une position strat\u00e9gique, \u00e0 la&nbsp;limite\n                      des territoires du Bourbonnais, de l\u2019Auvergne et du Forez, que les Bourbons&nbsp;progressivement,&nbsp;explique la construction des ch\u00e2teaux forts de&nbsp;Pyramont plus de celui \u00e9difi\u00e9 au centre du bourg.&nbsp;<\/p>\n                    <p>Le&nbsp;domaine et le ch\u00e2teau de Ferri\u00e8res-sur-Sichon poss\u00e8dent&nbsp;une longue histoire,&nbsp;que&nbsp;l\u2019on peut remonter&nbsp;travers de ses propri\u00e9taires successifs, jusqu\u2019\u00e0 XIV\u00e8me si\u00e8cle. Sans d\u00e9tailler la liste des familles qui\n                      se sont&nbsp;succ\u00e9d\u00e9&nbsp;pendant&nbsp;plus de sept&nbsp;si\u00e8cles,&nbsp;citons notamment&nbsp;Canilhac-Chatillon, Beaufort, la Tour d\u2019Auvergne,&nbsp;Manissy, Douet,&nbsp;Malmenaide&nbsp;de&nbsp;Montmillant&nbsp;(qui acheta la terre\n                      et le ch\u00e2teau aux descendants de la famille Douet le 27 septembre 1814 pour la somme de 100 000&nbsp;francs&nbsp;par l\u2019interm\u00e9diaire de Madame Chevalier)&nbsp;puis leurs descendants Le Jeans puis&nbsp;Soultrait.&nbsp;<\/p>\n                  <\/div>\n                <\/div>\n              <\/div>\n            <\/div>\n          <\/div>\n        <\/div>\n      <\/div>\n    <\/div>\n  <\/div>\n  <div data-colibri-component=\"section\" data-colibri-id=\"14-c17\" id=\"custom\" class=\"h-section h-section-global-spacing d-flex align-items-lg-center align-items-md-center align-items-center style-299 style-local-14-c17 position-relative\">\n    <!---->\n    <!---->\n    <div class=\"h-section-grid-container h-section-boxed-container\">\n      <!---->\n      <div data-colibri-id=\"14-c18\" class=\"h-row-container gutters-row-lg-2 gutters-row-md-2 gutters-row-0 gutters-row-v-lg-2 gutters-row-v-md-2 gutters-row-v-2 style-300 style-local-14-c18 position-relative\">\n        <!---->\n        <div class=\"h-row justify-content-lg-center justify-content-md-center justify-content-center align-items-lg-stretch align-items-md-stretch align-items-stretch gutters-col-lg-2 gutters-col-md-2 gutters-col-0 gutters-col-v-lg-2 gutters-col-v-md-2 gutters-col-v-2\">\n          <!---->\n          <div class=\"h-column h-column-container d-flex h-col-lg-auto h-col-md-auto h-col-auto style-301-outer style-local-14-c19-outer\">\n            <div data-colibri-id=\"14-c19\" class=\"d-flex h-flex-basis h-column__inner h-px-lg-2 h-px-md-2 h-px-2 v-inner-lg-2 v-inner-md-2 v-inner-2 style-301 style-local-14-c19 position-relative\">\n              <!---->\n              <!---->\n              <div class=\"w-100 h-y-container h-column__content h-column__v-align flex-basis-100 align-self-lg-start align-self-md-start align-self-start\">\n                <!---->\n                <div data-colibri-id=\"14-c20\" class=\"h-text h-text-component style-302 style-local-14-c20 position-relative h-element\">\n                  <!---->\n                  <!---->\n                  <div class=\"\">\n                    <p>Certains \u00e9v\u00e9nements peuvent d\u00e9j\u00e0 \u00eatre planifi\u00e9s pour l&#8217;\u00e9t\u00e9 2026. Pour toute information, veuillez nous contacter :<\/p>\n                    <p>Ch\u00e2teau le Bourg, 8 rue de Pav\u00e9, 03250 Ferri\u00e8res-sur-Sichon<\/p>\n                    <p>Mail: info@chauteaulebourg.fr<\/p>\n                  <\/div>\n                <\/div>\n              <\/div>\n            <\/div>\n          <\/div>\n        <\/div>\n      <\/div>\n    <\/div>\n  <\/div>\n<\/div>","protected":false},"excerpt":{"rendered":"<p>R\u00e9affectation du ch\u00e2teau Cr\u00e9ation domaine touristique et \u00e9v\u00e9nementiel&nbsp;ouvert les quatre saisons Pour ceux [&hellip;]<\/p>\n","protected":false},"author":2,"featured_media":0,"parent":0,"menu_order":0,"comment_status":"closed","ping_status":"closed","template":"page-templates\/homepage.php","meta":{"footnotes":""},"class_list":["post-14","page","type-page","status-publish","hentry"],"_links":{"self":[{"href":"https:\/\/chateaulebourg.fr\/index.php\/wp-json\/wp\/v2\/pages\/14","targetHints":{"allow":["GET"]}}],"collection":[{"href":"https:\/\/chateaulebourg.fr\/index.php\/wp-json\/wp\/v2\/pages"}],"about":[{"href":"https:\/\/chateaulebourg.fr\/index.php\/wp-json\/wp\/v2\/types\/page"}],"author":[{"embeddable":true,"href":"https:\/\/chateaulebourg.fr\/index.php\/wp-json\/wp\/v2\/users\/2"}],"replies":[{"embeddable":true,"href":"https:\/\/chateaulebourg.fr\/index.php\/wp-json\/wp\/v2\/comments?post=14"}],"version-history":[{"count":12,"href":"https:\/\/chateaulebourg.fr\/index.php\/wp-json\/wp\/v2\/pages\/14\/revisions"}],"predecessor-version":[{"id":177,"href":"https:\/\/chateaulebourg.fr\/index.php\/wp-json\/wp\/v2\/pages\/14\/revisions\/177"}],"wp:attachment":[{"href":"https:\/\/chateaulebourg.fr\/index.php\/wp-json\/wp\/v2\/media?parent=14"}],"curies":[{"name":"wp","href":"https:\/\/api.w.org\/{rel}","templated":true}]}}